{"id":2435,"date":"2024-07-05T09:28:19","date_gmt":"2024-07-05T07:28:19","guid":{"rendered":"http:\/\/sw-themes.com\/porto_dummy\/?page_id=2435"},"modified":"2024-07-05T10:09:15","modified_gmt":"2024-07-05T08:09:15","slug":"refund_returns","status":"publish","type":"page","link":"https:\/\/todoestanueve.com\/?page_id=2435","title":{"rendered":"T\u00e9rminos y condiciones Condiciones"},"content":{"rendered":"<div class=\"wpb-content-wrapper\"><p>[vc_row][vc_column][vc_column_text css=&#8221;&#8221;]<\/p>\n<h2>Editor<\/h2>\n<p>El sitio www.euroshop-market.com est\u00e1 editado por la empresa todoestanueve.com, sociedad de responsabilidad limitada con un capital de 100.000 \u20ac, inscrita en el Registro Mercantil.<\/p>\n<p>&nbsp;<\/p>\n<h2>Declaraci\u00f3n CNIL<\/h2>\n<p>&nbsp;<\/p>\n<p>Este sitio es objeto de una declaraci\u00f3n a la CNIL con el n\u00famero: 1330575 Legislaci\u00f3n francesa: De conformidad con el art\u00edculo 27 de la ley n\u00b078-17 Informatique et Libert\u00e9 del 01\/06\/1978, le garantizamos el derecho de acceso , modificar y eliminar los datos que le conciernen. Para ejercer este derecho, puede enviar una carta a nuestro servicio de atenci\u00f3n al cliente por correo electr\u00f3nico a sav@espace-des-marques.com.<\/p>\n<p>&nbsp;<\/p>\n<h2>Confidencialidad<\/h2>\n<p>&nbsp;<\/p>\n<p>En aplicaci\u00f3n de la ley del 11 de marzo de 1957 (art. 41) y del c\u00f3digo de propiedad intelectual del 1 de julio de 1992: todos los textos, ilustraciones, fotograf\u00edas, planos, dibujos, animaciones, v\u00eddeos, sonidos contenidos en este sitio pueden no debe utilizarse ni reproducirse sin el permiso del editor. Para cualquier solicitud de reproducci\u00f3n o uso de elementos contenidos en este sitio, comun\u00edquese con el administrador del sitio.<\/p>\n<p>&nbsp;<\/p>\n<h2>Cookies<\/h2>\n<p>&nbsp;<\/p>\n<p>Una cookie (o testigo de conexi\u00f3n) es un archivo de texto que puede grabarse, seg\u00fan sus elecciones, en un espacio dedicado en el disco duro de su terminal (ordenador, tableta, etc.) durante la consulta de un servicio en l\u00ednea. utilizando el software de su navegador.<br \/>El servidor de un sitio web lo transmite a su navegador. A cada cookie se le asigna un identificador an\u00f3nimo. El archivo cookie permite a su emisor identificar el terminal en el que se registra durante el per\u00edodo de validez o grabaci\u00f3n de la cookie de que se trate. Una cookie no puede atribuirse a una persona f\u00edsica.<br \/>Cuando consulta el sitioespace-des-marques.com, podemos instalar, seg\u00fan su elecci\u00f3n, diferentes cookies y, en particular, cookies publicitarias.<\/p>\n<p>&nbsp;<\/p>\n<h3>Cookies de estad\u00edsticas de Google Analytics<\/h3>\n<p>&nbsp;<\/p>\n<p>Estas cookies permiten establecer estad\u00edsticas de tr\u00e1fico del sitio domaine-des-marques.com y detectar problemas de navegaci\u00f3n para controlar y mejorar la calidad de nuestros servicios.<br \/>Ejerza sus elecciones en funci\u00f3n del navegador. estas usando<\/p>\n<p>&nbsp;<\/p>\n<p>Puedes configurar tu navegador en cualquier momento para expresar y modificar tus deseos en relaci\u00f3n con las cookies y, en particular, en relaci\u00f3n con las cookies estad\u00edsticas. Puede expresar sus elecciones configurando su navegador para que rechace determinadas cookies.<\/p>\n<p>&nbsp;<\/p>\n<p>Si rechaza nuestras cookies y las de nuestros socios, su visita aespace-des-marques.com ya no se contabilizar\u00e1 en Google Analytics y ya no podr\u00e1 beneficiarse de un cierto n\u00famero de funcionalidades que, sin embargo, son necesarias. para navegar en algunas de nuestras p\u00e1ginas.<br \/>Le informamos que puede, no obstante, oponerse al registro de cookies siguiendo el procedimiento disponible a continuaci\u00f3n:<\/p>\n<p>&nbsp;<\/p>\n<p><strong>En Internet Explorer<\/strong><br \/>1. Vaya a Herramientas &gt; Opciones de Internet.<br \/>2. Haga clic en la pesta\u00f1a de privacidad.<br \/>3. Haga clic en el bot\u00f3n avanzado, marque la casilla &#8220;Ignorar la gesti\u00f3n autom\u00e1tica de cookies&#8221;.<\/p>\n<p>&nbsp;<\/p>\n<p><strong>En Firefox<\/strong><br \/>1. En la parte superior de la ventana de Firefox, haga clic en el bot\u00f3n Firefox (men\u00fa Herramientas en Windows XP) y luego seleccione Opciones.<br \/>2. Seleccione el panel Privacidad.<br \/>3. Configurar reglas de retenci\u00f3n: para usar configuraciones personalizadas para el historial.<br \/>4. Desmarque Aceptar cookies.<\/p>\n<p>&nbsp;<\/p>\n<p><strong>En Chrome<\/strong><br \/>1. Haga clic en el icono de llave inglesa ubicado en la barra de herramientas del navegador.<br \/>2. Seleccione Configuraci\u00f3n.<br \/>3. Haga clic en Mostrar configuraci\u00f3n avanzada.<br \/>4. En la secci\u00f3n &#8220;Privacidad&#8221;, haga clic en el bot\u00f3n Configuraci\u00f3n de contenido.<br \/>5. En la secci\u00f3n \u201cCookies\u201d puedes bloquear las cookies y los datos de sitios de terceros<\/p>\n<p>&nbsp;<\/p>\n<p><strong>En Safari<\/strong><br \/>1. Vaya a Configuraci\u00f3n &gt; Preferencias<br \/>2. Haga clic en la pesta\u00f1a Privacidad<br \/>3. En el \u00e1rea \u201cBloquear cookies\u201d, marca la casilla \u201csiempre\u201d<\/p>\n<p>&nbsp;<\/p>\n<p><strong>Sobre la \u00f3pera<\/strong><br \/>1. Vaya a Configuraci\u00f3n &gt; Preferencias<br \/>2. Haga clic en la pesta\u00f1a avanzada<br \/>3. En el \u00e1rea \u201cCookies\u201d, marca la casilla \u201cNo aceptar nunca cookies\u201d<\/p>\n<p>&nbsp;<\/p>\n<h3>Cookies para compartir en redes sociales<\/h3>\n<p>&nbsp;<\/p>\n<p>En determinadas p\u00e1ginas de espace-des-marques.com existen botones o m\u00f3dulos de redes sociales de terceros que permiten explotar las funcionalidades de estas redes y, en particular, compartir contenidos presentes en space-des-marques.com con otras personas.<br \/>Cuando usted accede a una p\u00e1gina web en la que se encuentra uno de estos botones o m\u00f3dulos, su navegador puede enviar informaci\u00f3n a la red social que luego puede asociar esta visualizaci\u00f3n con su perfil.&lt;\/ p&gt;<\/p>\n<p>&nbsp;<\/p>\n<p>Es posible que estas redes coloquen cookies de redes sociales, sobre las cuales no tenemos control, en su navegador. Le invitamos a consultar las pol\u00edticas de privacidad espec\u00edficas de cada uno de estos sitios de redes sociales, con el fin de conocer los fines de uso de la informaci\u00f3n de navegaci\u00f3n que las redes sociales pueden recopilar mediante estos botones y m\u00f3dulos.<\/p>\n<p>&nbsp;<\/p>\n<ul>\n<li>\n<ul>\n<li>Facebook.com<\/li>\n<\/ul>\n<\/li>\n<\/ul>\n<p>&nbsp;<\/p>\n<ul>\n<li>\n<ul>\n<li>Twitter.com<\/li>\n<\/ul>\n<\/li>\n<\/ul>\n<p>&nbsp;<\/p>\n<ul>\n<li>\n<ul>\n<li>Plus.google.com<\/li>\n<\/ul>\n<\/li>\n<\/ul>\n<p>&nbsp;<\/p>\n<ul>\n<li>\n<ul>\n<li>es.pinterest.com<\/li>\n<\/ul>\n<\/li>\n<\/ul>\n<p>&nbsp;<\/p>\n<h2>Confidencialidad de los datos<\/h2>\n<p>&nbsp;<\/p>\n<p>Estamos comprometidos a proteger sus datos personales y su privacidad. Utilizamos la informaci\u00f3n que nos proporciona para procesar sus solicitudes y brindarle nuestra respuesta.<\/p>\n<p>&nbsp;<\/p>\n<h2>Comunicaci\u00f3n de tus datos personales a terceros<\/h2>\n<p>&nbsp;<\/p>\n<p>No vendemos, alquilamos ni proporcionamos informaci\u00f3n sobre usted a terceros de forma gratuita.<\/p>\n<p>&nbsp;<\/p>\n<h2>Cambiar tu informaci\u00f3n<\/h2>\n<p>&nbsp;<\/p>\n<p>En aplicaci\u00f3n del art\u00edculo 27 de la Ley de Protecci\u00f3n de Datos de 6 de enero de 1978, usted tiene derecho a acceder y rectificar los datos que le conciernen. Para ejercer estos derechos, simplemente comun\u00edquese con el editor del sitio por correo electr\u00f3nico, publicaci\u00f3n o formulario de contacto.<\/p>\n<p>[\/vc_column_text][\/vc_column][\/vc_row]<\/p>\n<\/div>","protected":false},"excerpt":{"rendered":"<p>[vc_row][vc_column][vc_column_text css=&#8221;&#8221;] Editor El sitio www.euroshop-market.com est\u00e1 editado por la empresa todoestanueve.com, sociedad de responsabilidad limitada con un capital de 100.000 \u20ac, inscrita en el Registro Mercantil. &nbsp; Declaraci\u00f3n CNIL &nbsp; Este sitio es objeto de una declaraci\u00f3n a la CNIL con el n\u00famero: 1330575 Legislaci\u00f3n francesa: De conformidad con el art\u00edculo 27 de la [&hellip;]<\/p>\n","protected":false},"author":1,"featured_media":0,"parent":0,"menu_order":0,"comment_status":"closed","ping_status":"closed","template":"","meta":{"content-type":"","footnotes":""},"class_list":["post-2435","page","type-page","status-publish","hentry"],"_links":{"self":[{"href":"https:\/\/todoestanueve.com\/index.php?rest_route=\/wp\/v2\/pages\/2435","targetHints":{"allow":["GET"]}}],"collection":[{"href":"https:\/\/todoestanueve.com\/index.php?rest_route=\/wp\/v2\/pages"}],"about":[{"href":"https:\/\/todoestanueve.com\/index.php?rest_route=\/wp\/v2\/types\/page"}],"author":[{"embeddable":true,"href":"https:\/\/todoestanueve.com\/index.php?rest_route=\/wp\/v2\/users\/1"}],"replies":[{"embeddable":true,"href":"https:\/\/todoestanueve.com\/index.php?rest_route=%2Fwp%2Fv2%2Fcomments&post=2435"}],"version-history":[{"count":3,"href":"https:\/\/todoestanueve.com\/index.php?rest_route=\/wp\/v2\/pages\/2435\/revisions"}],"predecessor-version":[{"id":2611,"href":"https:\/\/todoestanueve.com\/index.php?rest_route=\/wp\/v2\/pages\/2435\/revisions\/2611"}],"wp:attachment":[{"href":"https:\/\/todoestanueve.com\/index.php?rest_route=%2Fwp%2Fv2%2Fmedia&parent=2435"}],"curies":[{"name":"wp","href":"https:\/\/api.w.org\/{rel}","templated":true}]}}