{"id":2613,"date":"2025-09-23T06:13:01","date_gmt":"2025-09-23T04:13:01","guid":{"rendered":"https:\/\/todoestanueve.com\/?post_type=product&#038;p=2613"},"modified":"2025-09-23T06:13:02","modified_gmt":"2025-09-23T04:13:02","slug":"iphone-17-pro-max-256-gb-azul-profundo","status":"publish","type":"product","link":"https:\/\/todoestanueve.com\/?product=iphone-17-pro-max-256-gb-azul-profundo","title":{"rendered":"iPhone 17 Pro Max 256 GB azul profundo"},"content":{"rendered":"<p>Apple iPhone 17 Pro Max \u2013 256 GB \u2013 Azul Oscuro \u2013 Nuevo y en su embalaje original<\/p>\n<p>Modelo: iPhone 17 Pro Max<\/p>\n<p>Almacenamiento: 256 GB<\/p>\n<p>Color: Azul Oscuro<\/p>\n<p>Estado: Nuevo, en su embalaje original<\/p>\n<p>Caracter\u00edsticas destacadas:<\/p>\n<p>Gran pantalla Super Retina XDR OLED de 6,9&#8243; con ProMotion (hasta 120 Hz) y funci\u00f3n Always-On<\/p>\n<p>Chip A19 Pro de alto rendimiento con 12 GB de RAM: extremadamente r\u00e1pido, de bajo consumo y perfecto para juegos y multitarea<\/p>\n<p>Sistema de triple c\u00e1mara (3 c\u00e1maras de 48 MP) + c\u00e1mara frontal de 18 MP: fotos y v\u00eddeos n\u00edtidos, con zoom \u00f3ptico 4x<\/p>\n<p>Bater\u00eda de gran duraci\u00f3n (5088 mAh) con carga r\u00e1pida por USB-C e inal\u00e1mbrica (MagSafe y Qi2)<\/p>\n<p>Dise\u00f1o y protecci\u00f3n: Marco de aluminio, cristal Ceramic Shield 2, resistente al agua y al polvo (IP68)<\/p>\n<p>\u00daltima versi\u00f3n de iOS: lista para usar, actualizada peri\u00f3dicamente por Apple<\/p>\n","protected":false},"excerpt":{"rendered":"<p>Apple iPhone 17 Pro Max \u2013 256 GB \u2013 Azul Oscuro \u2013 Nuevo y en su embalaje original Modelo: iPhone 17 Pro Max Almacenamiento: 256 GB Color: Azul Oscuro Estado: Nuevo, en su embalaje original Caracter\u00edsticas destacadas: Gran pantalla Super Retina XDR OLED de 6,9&#8243; con ProMotion (hasta 120 Hz) y funci\u00f3n Always-On Chip A19 [&hellip;]<\/p>\n","protected":false},"featured_media":2617,"comment_status":"open","ping_status":"closed","template":"","meta":{"content-type":""},"product_cat":[89],"product_tag":[],"class_list":{"0":"post-2613","1":"product","2":"type-product","3":"status-publish","4":"has-post-thumbnail","6":"product_cat-telefonia","8":"first","9":"instock","10":"taxable","11":"shipping-taxable","12":"purchasable","13":"product-type-simple","14":"add-to-wishlist-after_add_to_cart"},"_links":{"self":[{"href":"https:\/\/todoestanueve.com\/index.php?rest_route=\/wp\/v2\/product\/2613","targetHints":{"allow":["GET"]}}],"collection":[{"href":"https:\/\/todoestanueve.com\/index.php?rest_route=\/wp\/v2\/product"}],"about":[{"href":"https:\/\/todoestanueve.com\/index.php?rest_route=\/wp\/v2\/types\/product"}],"replies":[{"embeddable":true,"href":"https:\/\/todoestanueve.com\/index.php?rest_route=%2Fwp%2Fv2%2Fcomments&post=2613"}],"wp:featuredmedia":[{"embeddable":true,"href":"https:\/\/todoestanueve.com\/index.php?rest_route=\/wp\/v2\/media\/2617"}],"wp:attachment":[{"href":"https:\/\/todoestanueve.com\/index.php?rest_route=%2Fwp%2Fv2%2Fmedia&parent=2613"}],"wp:term":[{"taxonomy":"product_cat","embeddable":true,"href":"https:\/\/todoestanueve.com\/index.php?rest_route=%2Fwp%2Fv2%2Fproduct_cat&post=2613"},{"taxonomy":"product_tag","embeddable":true,"href":"https:\/\/todoestanueve.com\/index.php?rest_route=%2Fwp%2Fv2%2Fproduct_tag&post=2613"}],"curies":[{"name":"wp","href":"https:\/\/api.w.org\/{rel}","templated":true}]}}