{"id":2647,"date":"2025-09-23T11:18:00","date_gmt":"2025-09-23T09:18:00","guid":{"rendered":"https:\/\/todoestanueve.com\/?post_type=product&#038;p=2647"},"modified":"2025-09-23T11:18:00","modified_gmt":"2025-09-23T09:18:00","slug":"apple-iphone-17-pro-modelo-esim-oranje","status":"publish","type":"product","link":"https:\/\/todoestanueve.com\/?product=apple-iphone-17-pro-modelo-esim-oranje","title":{"rendered":"Apple iPhone 17 Pro Modelo Esim Oranje"},"content":{"rendered":"<p>Apple iPhone 17 Pro Modelo Esim Oranje<\/p>\n<p>Procesador<br \/>\nHexa Core<br \/>\nTama\u00f1o de pantalla<br \/>\n6.3 pulgadas<br \/>\nModelo del chipset<br \/>\nApple A18 Pro (3 nm)<br \/>\nEstado de bloqueo<br \/>\nDesbloqueado de f\u00e1brica<br \/>\nN\u00famero de modelo<br \/>\nA3295<br \/>\nRanura para tarjeta SIM<br \/>\nDual SIM (SIM + eSIM)<br \/>\nMarca<br \/>\nApple<br \/>\nGarant\u00eda del fabricante<br \/>\n1 a\u00f1o<br \/>\nRed<br \/>\nDesbloqueado<br \/>\nModelo<br \/>\nApple iPhone 17 Pro<br \/>\nConectividad<br \/>\nUSB tipo C, 5G, Bluetooth, Wi-Fi, NFC<br \/>\nBarra de estilo<br \/>\nSistema operativo<br \/>\niOS<br \/>\nCaracter\u00edsticas<br \/>\nResistente al agua, Reconocimiento facial, Carga inal\u00e1mbrica r\u00e1pida, Resistente al polvo, C\u00e1mara ultra gran angular, eSIM, Teleobjetivo, Triple c\u00e1mara trasera, Esc\u00e1ner LiDAR<br \/>\nPa\u00eds\/Regi\u00f3n de fabricaci\u00f3n<br \/>\nEstados Unidos<br \/>\nCon contrato<br \/>\nSin contrato<br \/>\nResoluci\u00f3n de la c\u00e1mara<br \/>\n48.0 MP<br \/>\nRAM<br \/>\n8 GB<\/p>\n","protected":false},"excerpt":{"rendered":"<p>Apple iPhone 17 Pro Modelo Esim Oranje Procesador Hexa Core Tama\u00f1o de pantalla 6.3 pulgadas Modelo del chipset Apple A18 Pro (3 nm) Estado de bloqueo Desbloqueado de f\u00e1brica N\u00famero de modelo A3295 Ranura para tarjeta SIM Dual SIM (SIM + eSIM) Marca Apple Garant\u00eda del fabricante 1 a\u00f1o Red Desbloqueado Modelo Apple iPhone 17 [&hellip;]<\/p>\n","protected":false},"featured_media":2649,"comment_status":"open","ping_status":"closed","template":"","meta":{"content-type":""},"product_cat":[89],"product_tag":[],"class_list":{"0":"post-2647","1":"product","2":"type-product","3":"status-publish","4":"has-post-thumbnail","6":"product_cat-telefonia","8":"first","9":"instock","10":"taxable","11":"shipping-taxable","12":"purchasable","13":"product-type-simple","14":"add-to-wishlist-after_add_to_cart"},"_links":{"self":[{"href":"https:\/\/todoestanueve.com\/index.php?rest_route=\/wp\/v2\/product\/2647","targetHints":{"allow":["GET"]}}],"collection":[{"href":"https:\/\/todoestanueve.com\/index.php?rest_route=\/wp\/v2\/product"}],"about":[{"href":"https:\/\/todoestanueve.com\/index.php?rest_route=\/wp\/v2\/types\/product"}],"replies":[{"embeddable":true,"href":"https:\/\/todoestanueve.com\/index.php?rest_route=%2Fwp%2Fv2%2Fcomments&post=2647"}],"wp:featuredmedia":[{"embeddable":true,"href":"https:\/\/todoestanueve.com\/index.php?rest_route=\/wp\/v2\/media\/2649"}],"wp:attachment":[{"href":"https:\/\/todoestanueve.com\/index.php?rest_route=%2Fwp%2Fv2%2Fmedia&parent=2647"}],"wp:term":[{"taxonomy":"product_cat","embeddable":true,"href":"https:\/\/todoestanueve.com\/index.php?rest_route=%2Fwp%2Fv2%2Fproduct_cat&post=2647"},{"taxonomy":"product_tag","embeddable":true,"href":"https:\/\/todoestanueve.com\/index.php?rest_route=%2Fwp%2Fv2%2Fproduct_tag&post=2647"}],"curies":[{"name":"wp","href":"https:\/\/api.w.org\/{rel}","templated":true}]}}