{"id":2651,"date":"2025-09-23T11:40:08","date_gmt":"2025-09-23T09:40:08","guid":{"rendered":"https:\/\/todoestanueve.com\/?post_type=product&#038;p=2651"},"modified":"2025-09-23T11:40:11","modified_gmt":"2025-09-23T09:40:11","slug":"apple-iphone-16-pro-max-256-gb-titanio-negro","status":"publish","type":"product","link":"https:\/\/todoestanueve.com\/?product=apple-iphone-16-pro-max-256-gb-titanio-negro","title":{"rendered":"Apple iPhone 16 Pro Max 256 GB titanio negro"},"content":{"rendered":"<p>Apple iPhone 16 Pro Max 256 GB Negro Titanio<\/p>\n<p>Modelo<br \/>\niPhone 16 Pro Max<br \/>\nColor<br \/>\nNegro Titanio<br \/>\nCapacidad de almacenamiento<br \/>\n256 GB<br \/>\nTama\u00f1o de la pantalla<br \/>\n6.9&#8243;<br \/>\nConectividad<br \/>\nWi-Fi 7, Bluetooth 5.3, NFC, 5G<br \/>\nCaracter\u00edsticas<br \/>\nFace ID, Altavoz est\u00e9reo integrado, Micr\u00f3fono integrado, Bluetooth<br \/>\nRAM<br \/>\nSin especificar<br \/>\nSistema operativo<br \/>\niOS 26<br \/>\nOperador<br \/>\nSin especificar<br \/>\nN\u00famero de modelo<br \/>\nSin especificar<br \/>\nRanura para tarjeta SIM<br \/>\nSin especificar<br \/>\nEstado de bloqueo<br \/>\nSin especificar<br \/>\nTipo de tarjeta de memoria<br \/>\nSin especificar<br \/>\nProcesador<br \/>\nA18 Pro<br \/>\nFrecuencia celular<br \/>\nSin especificar<br \/>\nResoluci\u00f3n de la c\u00e1mara<br \/>\nSin especificar<br \/>\nPa\u00eds de fabricaci\u00f3n<br \/>\nSin especificar<br \/>\nModelo de chipset<br \/>\nSin especificar<br \/>\nEstilo<br \/>\nSin especificar<br \/>\nContrato<br \/>\nSin especificar<br \/>\nGarant\u00eda del fabricante<br \/>\n12 meses<\/p>\n","protected":false},"excerpt":{"rendered":"<p>Apple iPhone 16 Pro Max 256 GB Negro Titanio Modelo iPhone 16 Pro Max Color Negro Titanio Capacidad de almacenamiento 256 GB Tama\u00f1o de la pantalla 6.9&#8243; Conectividad Wi-Fi 7, Bluetooth 5.3, NFC, 5G Caracter\u00edsticas Face ID, Altavoz est\u00e9reo integrado, Micr\u00f3fono integrado, Bluetooth RAM Sin especificar Sistema operativo iOS 26 Operador Sin especificar N\u00famero de [&hellip;]<\/p>\n","protected":false},"featured_media":2655,"comment_status":"open","ping_status":"closed","template":"","meta":{"content-type":""},"product_cat":[89],"product_tag":[],"class_list":{"0":"post-2651","1":"product","2":"type-product","3":"status-publish","4":"has-post-thumbnail","6":"product_cat-telefonia","8":"first","9":"instock","10":"taxable","11":"shipping-taxable","12":"purchasable","13":"product-type-simple","14":"add-to-wishlist-after_add_to_cart"},"_links":{"self":[{"href":"https:\/\/todoestanueve.com\/index.php?rest_route=\/wp\/v2\/product\/2651","targetHints":{"allow":["GET"]}}],"collection":[{"href":"https:\/\/todoestanueve.com\/index.php?rest_route=\/wp\/v2\/product"}],"about":[{"href":"https:\/\/todoestanueve.com\/index.php?rest_route=\/wp\/v2\/types\/product"}],"replies":[{"embeddable":true,"href":"https:\/\/todoestanueve.com\/index.php?rest_route=%2Fwp%2Fv2%2Fcomments&post=2651"}],"wp:featuredmedia":[{"embeddable":true,"href":"https:\/\/todoestanueve.com\/index.php?rest_route=\/wp\/v2\/media\/2655"}],"wp:attachment":[{"href":"https:\/\/todoestanueve.com\/index.php?rest_route=%2Fwp%2Fv2%2Fmedia&parent=2651"}],"wp:term":[{"taxonomy":"product_cat","embeddable":true,"href":"https:\/\/todoestanueve.com\/index.php?rest_route=%2Fwp%2Fv2%2Fproduct_cat&post=2651"},{"taxonomy":"product_tag","embeddable":true,"href":"https:\/\/todoestanueve.com\/index.php?rest_route=%2Fwp%2Fv2%2Fproduct_tag&post=2651"}],"curies":[{"name":"wp","href":"https:\/\/api.w.org\/{rel}","templated":true}]}}