{"id":2662,"date":"2025-09-23T12:10:10","date_gmt":"2025-09-23T10:10:10","guid":{"rendered":"https:\/\/todoestanueve.com\/?post_type=product&#038;p=2662"},"modified":"2025-09-23T12:10:11","modified_gmt":"2025-09-23T10:10:11","slug":"apple-iphone-16-pro-max-titanio-natural-512-gb","status":"publish","type":"product","link":"https:\/\/todoestanueve.com\/?product=apple-iphone-16-pro-max-titanio-natural-512-gb","title":{"rendered":"Apple iPhone 16 Pro Max Titanio Natural 512 GB"},"content":{"rendered":"<p>Apple iPhone 16 Pro Max Titanio Natural 512 GB<br \/>\nMarca<br \/>\nAPPLE<br \/>\nModelo<br \/>\n16 Pro Max<br \/>\nCapacidad de almacenamiento<br \/>\n512<br \/>\nColor<br \/>\nTitanio Natural<br \/>\nTama\u00f1o de pantalla<br \/>\nS\u00ed<br \/>\nRAM<br \/>\n5G<br \/>\nOperador<br \/>\nUSB-C<br \/>\nEstado debloqueo<br \/>\nNo<br \/>\nN\u00famero de modelo<br \/>\nC\u00e1mara Fusion de 48 Mpx: 24 mm, apertura de \u0192\/1,78, estabilizaci\u00f3<br \/>\nRanura para tarjeta SIM<br \/>\nNo<br \/>\nTipo de tarjeta de memoria<br \/>\nNo<br \/>\nResoluci\u00f3n de c\u00e1mara<br \/>\nC\u00e1mara de 12 Mpx, Apertura de \u0192\/1,9, Enfoque autom\u00e1tico con Focus<br \/>\nProcesador<br \/>\nC\u00e1mara triple<br \/>\nEstilo<br \/>\nC\u00e1mara Fusion de 48 Mpx: 24 mm, apertura de \u0192\/1,78, estabilizaci\u00f3<br \/>\nPa\u00eds\/Regi\u00f3n de fabricaci\u00f3n<br \/>\nUSB-C<br \/>\nModelo de conjuntos de chips<br \/>\nNo<br \/>\nGarant\u00eda del fabricante<br \/>\nC\u00e1mara triple<\/p>\n","protected":false},"excerpt":{"rendered":"<p>Apple iPhone 16 Pro Max Titanio Natural 512 GB Marca APPLE Modelo 16 Pro Max Capacidad de almacenamiento 512 Color Titanio Natural Tama\u00f1o de pantalla S\u00ed RAM 5G Operador USB-C Estado debloqueo No N\u00famero de modelo C\u00e1mara Fusion de 48 Mpx: 24 mm, apertura de \u0192\/1,78, estabilizaci\u00f3 Ranura para tarjeta SIM No Tipo de tarjeta [&hellip;]<\/p>\n","protected":false},"featured_media":2667,"comment_status":"open","ping_status":"closed","template":"","meta":{"content-type":""},"product_cat":[89],"product_tag":[],"class_list":{"0":"post-2662","1":"product","2":"type-product","3":"status-publish","4":"has-post-thumbnail","6":"product_cat-telefonia","8":"first","9":"instock","10":"taxable","11":"shipping-taxable","12":"purchasable","13":"product-type-simple","14":"add-to-wishlist-after_add_to_cart"},"_links":{"self":[{"href":"https:\/\/todoestanueve.com\/index.php?rest_route=\/wp\/v2\/product\/2662","targetHints":{"allow":["GET"]}}],"collection":[{"href":"https:\/\/todoestanueve.com\/index.php?rest_route=\/wp\/v2\/product"}],"about":[{"href":"https:\/\/todoestanueve.com\/index.php?rest_route=\/wp\/v2\/types\/product"}],"replies":[{"embeddable":true,"href":"https:\/\/todoestanueve.com\/index.php?rest_route=%2Fwp%2Fv2%2Fcomments&post=2662"}],"wp:featuredmedia":[{"embeddable":true,"href":"https:\/\/todoestanueve.com\/index.php?rest_route=\/wp\/v2\/media\/2667"}],"wp:attachment":[{"href":"https:\/\/todoestanueve.com\/index.php?rest_route=%2Fwp%2Fv2%2Fmedia&parent=2662"}],"wp:term":[{"taxonomy":"product_cat","embeddable":true,"href":"https:\/\/todoestanueve.com\/index.php?rest_route=%2Fwp%2Fv2%2Fproduct_cat&post=2662"},{"taxonomy":"product_tag","embeddable":true,"href":"https:\/\/todoestanueve.com\/index.php?rest_route=%2Fwp%2Fv2%2Fproduct_tag&post=2662"}],"curies":[{"name":"wp","href":"https:\/\/api.w.org\/{rel}","templated":true}]}}