{"id":2669,"date":"2025-09-23T12:32:47","date_gmt":"2025-09-23T10:32:47","guid":{"rendered":"https:\/\/todoestanueve.com\/?post_type=product&#038;p=2669"},"modified":"2025-09-23T12:32:47","modified_gmt":"2025-09-23T10:32:47","slug":"apple-iphone-16-pro-256-gb-titanio-natural","status":"publish","type":"product","link":"https:\/\/todoestanueve.com\/?product=apple-iphone-16-pro-256-gb-titanio-natural","title":{"rendered":"Apple iPhone 16 Pro 256 GB titanio natural"},"content":{"rendered":"<p>Apple iPhone 16 Pro 256 GB titanio natural<br \/>\nDise\u00f1o<br \/>\nPantalla t\u00e1ctil<br \/>\nCargador incluido<br \/>\nNo<br \/>\nCaracter\u00edsticas especiales<br \/>\nAceler\u00f3metro, control de movimiento y gestos, pantalla a color, sensor de huellas dactilares, c\u00e1mara frontal, internet, carga inal\u00e1mbrica, c\u00e1mara, sensor de proximidad, reconocimiento de voz, USB-PD (carga r\u00e1pida), vibraci\u00f3n, correo electr\u00f3nico, manos libres, GPS\/navegaci\u00f3n, reproductor de MP3, pantalla t\u00e1ctil, videollamadas, compatible con 3G, compatible con 4G, compatible con Bluetooth, doble SIM, pantalla Super Retina XDR, resistente al agua, compatible con 5G<br \/>\nResoluci\u00f3n de la c\u00e1mara<br \/>\n48.0 megap\u00edxeles<br \/>\nEspectro EEC<br \/>\nA &#8211; G<br \/>\nContrato<br \/>\nSin contrato<br \/>\nOperador m\u00f3vil<br \/>\nLiberado<br \/>\nProcesador<br \/>\nHexa core<br \/>\nRanura para tarjeta SIM<br \/>\nnanoSIM + 2x eSIM<br \/>\nSistema operativo<br \/>\niOS 18<br \/>\nTama\u00f1o de la pantalla<br \/>\n6.3 pulgadas<br \/>\nN\u00famero de fabricante<br \/>\nMYNL3ZD\/A<br \/>\nMarca<br \/>\nApple<br \/>\nColor<br \/>\nTitanio natural<br \/>\nModelo<br \/>\niPhone 16 por<br \/>\nCarga del dispositivo Alcance<br \/>\n5-30<br \/>\nConectividad<br \/>\n3G, 4G, 5G, Bluetooth, LTE, USB-C<br \/>\nEstado de bloqueo<br \/>\nLibre de restablecimiento de f\u00e1brica<br \/>\nCapacidad de almacenamiento<br \/>\n256 GB<\/p>\n","protected":false},"excerpt":{"rendered":"<p>Apple iPhone 16 Pro 256 GB titanio natural Dise\u00f1o Pantalla t\u00e1ctil Cargador incluido No Caracter\u00edsticas especiales Aceler\u00f3metro, control de movimiento y gestos, pantalla a color, sensor de huellas dactilares, c\u00e1mara frontal, internet, carga inal\u00e1mbrica, c\u00e1mara, sensor de proximidad, reconocimiento de voz, USB-PD (carga r\u00e1pida), vibraci\u00f3n, correo electr\u00f3nico, manos libres, GPS\/navegaci\u00f3n, reproductor de MP3, pantalla t\u00e1ctil, [&hellip;]<\/p>\n","protected":false},"featured_media":2671,"comment_status":"open","ping_status":"closed","template":"","meta":{"content-type":""},"product_cat":[89],"product_tag":[],"class_list":{"0":"post-2669","1":"product","2":"type-product","3":"status-publish","4":"has-post-thumbnail","6":"product_cat-telefonia","8":"first","9":"instock","10":"taxable","11":"shipping-taxable","12":"purchasable","13":"product-type-simple","14":"add-to-wishlist-after_add_to_cart"},"_links":{"self":[{"href":"https:\/\/todoestanueve.com\/index.php?rest_route=\/wp\/v2\/product\/2669","targetHints":{"allow":["GET"]}}],"collection":[{"href":"https:\/\/todoestanueve.com\/index.php?rest_route=\/wp\/v2\/product"}],"about":[{"href":"https:\/\/todoestanueve.com\/index.php?rest_route=\/wp\/v2\/types\/product"}],"replies":[{"embeddable":true,"href":"https:\/\/todoestanueve.com\/index.php?rest_route=%2Fwp%2Fv2%2Fcomments&post=2669"}],"wp:featuredmedia":[{"embeddable":true,"href":"https:\/\/todoestanueve.com\/index.php?rest_route=\/wp\/v2\/media\/2671"}],"wp:attachment":[{"href":"https:\/\/todoestanueve.com\/index.php?rest_route=%2Fwp%2Fv2%2Fmedia&parent=2669"}],"wp:term":[{"taxonomy":"product_cat","embeddable":true,"href":"https:\/\/todoestanueve.com\/index.php?rest_route=%2Fwp%2Fv2%2Fproduct_cat&post=2669"},{"taxonomy":"product_tag","embeddable":true,"href":"https:\/\/todoestanueve.com\/index.php?rest_route=%2Fwp%2Fv2%2Fproduct_tag&post=2669"}],"curies":[{"name":"wp","href":"https:\/\/api.w.org\/{rel}","templated":true}]}}