{"id":2680,"date":"2025-09-23T12:58:21","date_gmt":"2025-09-23T10:58:21","guid":{"rendered":"https:\/\/todoestanueve.com\/?post_type=product&#038;p=2680"},"modified":"2025-09-23T12:58:22","modified_gmt":"2025-09-23T10:58:22","slug":"apple-iphone-16-pro-128gb-titanio-natural","status":"publish","type":"product","link":"https:\/\/todoestanueve.com\/?product=apple-iphone-16-pro-128gb-titanio-natural","title":{"rendered":"Apple iPhone 16 Pro 128GB Titanio Natural"},"content":{"rendered":"<p>Apple iPhone 16 Pro 128GB Titanio Natural<br \/>\napacidad de almacenamiento<br \/>\n128 GB<br \/>\nCaracter\u00edsticas<br \/>\nResistente al agua, Reconocimiento facial, Carga inal\u00e1mbrica r\u00e1pida, Resistente al polvo, C\u00e1mara ultra gran angular, eSIM, Teleobjetivo, Triple c\u00e1mara trasera, Esc\u00e1ner LiDAR<br \/>\nColor<br \/>\nTitanio natural<br \/>\nConectividad<br \/>\nUSB tipo C, 5G, Bluetooth, Wi-Fi, NFC<br \/>\nContrato<br \/>\nSin contrato<br \/>\nEstado de bloqueo<br \/>\nDesbloqueado de f\u00e1brica<br \/>\nEstilo<br \/>\nBarra<br \/>\nMarca<br \/>\nApple<br \/>\nModelo<br \/>\nApple iPhone 16 Pro<br \/>\nProcesador<br \/>\nHexa Core<br \/>\nRAM<br \/>\n8 GB<br \/>\nRanura para tarjeta SIM<br \/>\nDual SIM (SIM + eSIM)<br \/>\nRed<br \/>\nDesbloqueado<br \/>\nResoluci\u00f3n de c\u00e1mara<br \/>\n48,0 MP<br \/>\nSistema operativo<br \/>\niOS<br \/>\nTama\u00f1o de pantalla<br \/>\n6,3 pulgadas<br \/>\nTama\u00f1o de la pantalla<br \/>\n6,3 pulgadas<br \/>\nModelo de chipset<br \/>\nApple A18 Pro<br \/>\nResoluci\u00f3n de la c\u00e1mara<br \/>\n48,0 MP<br \/>\nEAN<br \/>\nNo aplicable<\/p>\n","protected":false},"excerpt":{"rendered":"<p>Apple iPhone 16 Pro 128GB Titanio Natural apacidad de almacenamiento 128 GB Caracter\u00edsticas Resistente al agua, Reconocimiento facial, Carga inal\u00e1mbrica r\u00e1pida, Resistente al polvo, C\u00e1mara ultra gran angular, eSIM, Teleobjetivo, Triple c\u00e1mara trasera, Esc\u00e1ner LiDAR Color Titanio natural Conectividad USB tipo C, 5G, Bluetooth, Wi-Fi, NFC Contrato Sin contrato Estado de bloqueo Desbloqueado de f\u00e1brica [&hellip;]<\/p>\n","protected":false},"featured_media":2684,"comment_status":"open","ping_status":"closed","template":"","meta":{"content-type":""},"product_cat":[89],"product_tag":[],"class_list":{"0":"post-2680","1":"product","2":"type-product","3":"status-publish","4":"has-post-thumbnail","6":"product_cat-telefonia","8":"first","9":"instock","10":"taxable","11":"shipping-taxable","12":"purchasable","13":"product-type-simple","14":"add-to-wishlist-after_add_to_cart"},"_links":{"self":[{"href":"https:\/\/todoestanueve.com\/index.php?rest_route=\/wp\/v2\/product\/2680","targetHints":{"allow":["GET"]}}],"collection":[{"href":"https:\/\/todoestanueve.com\/index.php?rest_route=\/wp\/v2\/product"}],"about":[{"href":"https:\/\/todoestanueve.com\/index.php?rest_route=\/wp\/v2\/types\/product"}],"replies":[{"embeddable":true,"href":"https:\/\/todoestanueve.com\/index.php?rest_route=%2Fwp%2Fv2%2Fcomments&post=2680"}],"wp:featuredmedia":[{"embeddable":true,"href":"https:\/\/todoestanueve.com\/index.php?rest_route=\/wp\/v2\/media\/2684"}],"wp:attachment":[{"href":"https:\/\/todoestanueve.com\/index.php?rest_route=%2Fwp%2Fv2%2Fmedia&parent=2680"}],"wp:term":[{"taxonomy":"product_cat","embeddable":true,"href":"https:\/\/todoestanueve.com\/index.php?rest_route=%2Fwp%2Fv2%2Fproduct_cat&post=2680"},{"taxonomy":"product_tag","embeddable":true,"href":"https:\/\/todoestanueve.com\/index.php?rest_route=%2Fwp%2Fv2%2Fproduct_tag&post=2680"}],"curies":[{"name":"wp","href":"https:\/\/api.w.org\/{rel}","templated":true}]}}