{"id":2688,"date":"2025-09-23T13:09:34","date_gmt":"2025-09-23T11:09:34","guid":{"rendered":"https:\/\/todoestanueve.com\/?post_type=product&#038;p=2688"},"modified":"2025-09-23T13:09:35","modified_gmt":"2025-09-23T11:09:35","slug":"apple-iphone-16-pro-512-gb-titan-desert","status":"publish","type":"product","link":"https:\/\/todoestanueve.com\/?product=apple-iphone-16-pro-512-gb-titan-desert","title":{"rendered":"Apple iPhone 16 Pro 512 GB titan desert"},"content":{"rendered":"<p>Apple iPhone 16 Pro 512 GB titan desert<br \/>\napacidad de almacenamiento<br \/>\n512 GB<br \/>\nCaracter\u00edsticas<br \/>\nResistente al agua, Reconocimiento facial, Carga inal\u00e1mbrica r\u00e1pida, Resistente al polvo, C\u00e1mara ultra gran angular, eSIM, Teleobjetivo, Triple c\u00e1mara trasera, Esc\u00e1ner LiDAR<br \/>\nColor<br \/>\nTitanio desert<br \/>\nConectividad<br \/>\nUSB tipo C, 5G, Bluetooth, Wi-Fi, NFC<br \/>\nContrato<br \/>\nSin contrato<br \/>\nEstado de bloqueo<br \/>\nDesbloqueado de f\u00e1brica<br \/>\nEstilo<br \/>\nBarra<br \/>\nMarca<br \/>\nApple<br \/>\nModelo<br \/>\nApple iPhone 16 Pro<br \/>\nProcesador<br \/>\nHexa Core<br \/>\nRAM<br \/>\n8 GB<br \/>\nRanura para tarjeta SIM<br \/>\nDual SIM (SIM + eSIM)<br \/>\nDesbloqueado<br \/>\nResoluci\u00f3n de c\u00e1mara<br \/>\n48,0 MP<br \/>\nSistema operativo<br \/>\niOS<br \/>\nTama\u00f1o de pantalla<br \/>\n6,3 pulgadas<br \/>\nTama\u00f1o de la pantalla<br \/>\n6,3 pulgadas<br \/>\nResoluci\u00f3n de la c\u00e1mara<br \/>\n48,0 MP<br \/>\nEAN<br \/>\nNo aplicable<\/p>\n","protected":false},"excerpt":{"rendered":"<p>Apple iPhone 16 Pro 512 GB titan desert apacidad de almacenamiento 512 GB Caracter\u00edsticas Resistente al agua, Reconocimiento facial, Carga inal\u00e1mbrica r\u00e1pida, Resistente al polvo, C\u00e1mara ultra gran angular, eSIM, Teleobjetivo, Triple c\u00e1mara trasera, Esc\u00e1ner LiDAR Color Titanio desert Conectividad USB tipo C, 5G, Bluetooth, Wi-Fi, NFC Contrato Sin contrato Estado de bloqueo Desbloqueado de [&hellip;]<\/p>\n","protected":false},"featured_media":2691,"comment_status":"open","ping_status":"closed","template":"","meta":{"content-type":""},"product_cat":[89],"product_tag":[],"class_list":{"0":"post-2688","1":"product","2":"type-product","3":"status-publish","4":"has-post-thumbnail","6":"product_cat-telefonia","8":"first","9":"instock","10":"taxable","11":"shipping-taxable","12":"purchasable","13":"product-type-simple","14":"add-to-wishlist-after_add_to_cart"},"_links":{"self":[{"href":"https:\/\/todoestanueve.com\/index.php?rest_route=\/wp\/v2\/product\/2688","targetHints":{"allow":["GET"]}}],"collection":[{"href":"https:\/\/todoestanueve.com\/index.php?rest_route=\/wp\/v2\/product"}],"about":[{"href":"https:\/\/todoestanueve.com\/index.php?rest_route=\/wp\/v2\/types\/product"}],"replies":[{"embeddable":true,"href":"https:\/\/todoestanueve.com\/index.php?rest_route=%2Fwp%2Fv2%2Fcomments&post=2688"}],"wp:featuredmedia":[{"embeddable":true,"href":"https:\/\/todoestanueve.com\/index.php?rest_route=\/wp\/v2\/media\/2691"}],"wp:attachment":[{"href":"https:\/\/todoestanueve.com\/index.php?rest_route=%2Fwp%2Fv2%2Fmedia&parent=2688"}],"wp:term":[{"taxonomy":"product_cat","embeddable":true,"href":"https:\/\/todoestanueve.com\/index.php?rest_route=%2Fwp%2Fv2%2Fproduct_cat&post=2688"},{"taxonomy":"product_tag","embeddable":true,"href":"https:\/\/todoestanueve.com\/index.php?rest_route=%2Fwp%2Fv2%2Fproduct_tag&post=2688"}],"curies":[{"name":"wp","href":"https:\/\/api.w.org\/{rel}","templated":true}]}}