{"id":2708,"date":"2025-09-24T03:35:48","date_gmt":"2025-09-24T01:35:48","guid":{"rendered":"https:\/\/todoestanueve.com\/?post_type=product&#038;p=2708"},"modified":"2025-09-24T03:35:49","modified_gmt":"2025-09-24T01:35:49","slug":"apple-iphone-15-pro-max-512-gb-titanio-blanco","status":"publish","type":"product","link":"https:\/\/todoestanueve.com\/?product=apple-iphone-15-pro-max-512-gb-titanio-blanco","title":{"rendered":"Apple iPhone 15 Pro Max 512 GB titanio blanco"},"content":{"rendered":"<p>Apple iPhone 15 Pro Max 512 GB titanio blanco<br \/>\nClase de eficiencia energ\u00e9tica<br \/>\nB<br \/>\nCargador incluido<br \/>\nS\u00ed<br \/>\nAutonom\u00eda de carga del dispositivo<br \/>\n4.5-26<br \/>\nAutonom\u00eda EEK<br \/>\nA &#8211; G<br \/>\nContrato<br \/>\nSin contrato<br \/>\nEstado de bloqueo<br \/>\nDe f\u00e1brica<br \/>\nRAM<br \/>\n8 GB<br \/>\nCategor\u00eda<br \/>\nRuta<br \/>\nElectr\u00f3nica<br \/>\nAcerca de este producto<br \/>\nIdentificaci\u00f3n del producto<br \/>\nMarca<br \/>\nApple<br \/>\nModelo<br \/>\nApple iPhone 15 Pro Max<br \/>\nCaracter\u00edsticas principales del producto<br \/>\nResoluci\u00f3n de la c\u00e1mara<br \/>\n48.0 megap\u00edxeles, 12.0 megap\u00edxeles<br \/>\nOperador m\u00f3vil<br \/>\nDesbloqueado<br \/>\nEstilo<br \/>\nBarra de caramelo<br \/>\nColor<br \/>\ntitanio blanco<br \/>\nConectividad<br \/>\nBluetooth 5G, Wi-Fi, NFC, USB tipo C<br \/>\nProcesador<br \/>\nHexa Core<br \/>\nSistema operativo<br \/>\niOS<br \/>\nCaracter\u00edsticas especiales<br \/>\nCarga r\u00e1pida inal\u00e1mbrica, resistente al agua, reconocimiento facial, triple c\u00e1mara, teleobjetivo, resistente al polvo, eSIM, c\u00e1mara ultra gran angular, esc\u00e1ner LiDAR<br \/>\nTama\u00f1o de pantalla<br \/>\n6.7 pulgadas<br \/>\nCapacidad de almacenamiento<br \/>\n512 GB<\/p>\n","protected":false},"excerpt":{"rendered":"<p>Apple iPhone 15 Pro Max 512 GB titanio blanco Clase de eficiencia energ\u00e9tica B Cargador incluido S\u00ed Autonom\u00eda de carga del dispositivo 4.5-26 Autonom\u00eda EEK A &#8211; G Contrato Sin contrato Estado de bloqueo De f\u00e1brica RAM 8 GB Categor\u00eda Ruta Electr\u00f3nica Acerca de este producto Identificaci\u00f3n del producto Marca Apple Modelo Apple iPhone 15 [&hellip;]<\/p>\n","protected":false},"featured_media":2711,"comment_status":"open","ping_status":"closed","template":"","meta":{"content-type":""},"product_cat":[89],"product_tag":[],"class_list":{"0":"post-2708","1":"product","2":"type-product","3":"status-publish","4":"has-post-thumbnail","6":"product_cat-telefonia","8":"first","9":"instock","10":"taxable","11":"shipping-taxable","12":"purchasable","13":"product-type-simple","14":"add-to-wishlist-after_add_to_cart"},"_links":{"self":[{"href":"https:\/\/todoestanueve.com\/index.php?rest_route=\/wp\/v2\/product\/2708","targetHints":{"allow":["GET"]}}],"collection":[{"href":"https:\/\/todoestanueve.com\/index.php?rest_route=\/wp\/v2\/product"}],"about":[{"href":"https:\/\/todoestanueve.com\/index.php?rest_route=\/wp\/v2\/types\/product"}],"replies":[{"embeddable":true,"href":"https:\/\/todoestanueve.com\/index.php?rest_route=%2Fwp%2Fv2%2Fcomments&post=2708"}],"wp:featuredmedia":[{"embeddable":true,"href":"https:\/\/todoestanueve.com\/index.php?rest_route=\/wp\/v2\/media\/2711"}],"wp:attachment":[{"href":"https:\/\/todoestanueve.com\/index.php?rest_route=%2Fwp%2Fv2%2Fmedia&parent=2708"}],"wp:term":[{"taxonomy":"product_cat","embeddable":true,"href":"https:\/\/todoestanueve.com\/index.php?rest_route=%2Fwp%2Fv2%2Fproduct_cat&post=2708"},{"taxonomy":"product_tag","embeddable":true,"href":"https:\/\/todoestanueve.com\/index.php?rest_route=%2Fwp%2Fv2%2Fproduct_tag&post=2708"}],"curies":[{"name":"wp","href":"https:\/\/api.w.org\/{rel}","templated":true}]}}