{"id":2722,"date":"2025-09-24T04:06:48","date_gmt":"2025-09-24T02:06:48","guid":{"rendered":"https:\/\/todoestanueve.com\/?post_type=product&#038;p=2722"},"modified":"2025-09-24T04:07:52","modified_gmt":"2025-09-24T02:07:52","slug":"apple-iphone-15-pro-128gb-negro","status":"publish","type":"product","link":"https:\/\/todoestanueve.com\/?product=apple-iphone-15-pro-128gb-negro","title":{"rendered":"Apple iPhone 15 Pro 128GB Negro"},"content":{"rendered":"<p>Apple iPhone 15 Pro 128GB Negro<br \/>\nColor<br \/>\nNegro titanio<br \/>\nMarca<br \/>\nApple<br \/>\nModelo<br \/>\nApple iPhone 15 Pro<br \/>\nContrato<br \/>\nSin contrato<br \/>\nProcesador<br \/>\nHexa Core<br \/>\nEstado de bloqueo<br \/>\nVence desbloqueado de f\u00e1brica<br \/>\nCaracter\u00edsticas especiales<br \/>\nCarga r\u00e1pida inal\u00e1mbrica, Resistente al agua, Face ID, Triple c\u00e1mara, Teleobjetivo, Resistente al polvo, eSIM, C\u00e1mara ultra gran angular, Esc\u00e1ner LiDAR<br \/>\nSistema operativo<br \/>\niOS<br \/>\nConectividad<br \/>\n5G, Bluetooth, Wi-Fi, NFC, USB tipo C<br \/>\nModelo del chipset<br \/>\nApple A17 Pro<br \/>\nResoluci\u00f3n de la c\u00e1mara<br \/>\n48.0 megap\u00edxeles<br \/>\nTama\u00f1o de la pantalla<br \/>\n6.1 pulgadas<br \/>\nOperador m\u00f3vil<br \/>\nDesbloqueado<br \/>\nCapacidad de almacenamiento<br \/>\n128 GB<br \/>\nRanura para tarjeta SIM<br \/>\nDual SIM (SIM + eSIM)<\/p>\n","protected":false},"excerpt":{"rendered":"<p>Apple iPhone 15 Pro 128GB Negro Color Negro titanio Marca Apple Modelo Apple iPhone 15 Pro Contrato Sin contrato Procesador Hexa Core Estado de bloqueo Vence desbloqueado de f\u00e1brica Caracter\u00edsticas especiales Carga r\u00e1pida inal\u00e1mbrica, Resistente al agua, Face ID, Triple c\u00e1mara, Teleobjetivo, Resistente al polvo, eSIM, C\u00e1mara ultra gran angular, Esc\u00e1ner LiDAR Sistema operativo iOS [&hellip;]<\/p>\n","protected":false},"featured_media":2730,"comment_status":"open","ping_status":"closed","template":"","meta":{"content-type":""},"product_cat":[89],"product_tag":[],"class_list":{"0":"post-2722","1":"product","2":"type-product","3":"status-publish","4":"has-post-thumbnail","6":"product_cat-telefonia","8":"first","9":"instock","10":"taxable","11":"shipping-taxable","12":"purchasable","13":"product-type-simple","14":"add-to-wishlist-after_add_to_cart"},"_links":{"self":[{"href":"https:\/\/todoestanueve.com\/index.php?rest_route=\/wp\/v2\/product\/2722","targetHints":{"allow":["GET"]}}],"collection":[{"href":"https:\/\/todoestanueve.com\/index.php?rest_route=\/wp\/v2\/product"}],"about":[{"href":"https:\/\/todoestanueve.com\/index.php?rest_route=\/wp\/v2\/types\/product"}],"replies":[{"embeddable":true,"href":"https:\/\/todoestanueve.com\/index.php?rest_route=%2Fwp%2Fv2%2Fcomments&post=2722"}],"wp:featuredmedia":[{"embeddable":true,"href":"https:\/\/todoestanueve.com\/index.php?rest_route=\/wp\/v2\/media\/2730"}],"wp:attachment":[{"href":"https:\/\/todoestanueve.com\/index.php?rest_route=%2Fwp%2Fv2%2Fmedia&parent=2722"}],"wp:term":[{"taxonomy":"product_cat","embeddable":true,"href":"https:\/\/todoestanueve.com\/index.php?rest_route=%2Fwp%2Fv2%2Fproduct_cat&post=2722"},{"taxonomy":"product_tag","embeddable":true,"href":"https:\/\/todoestanueve.com\/index.php?rest_route=%2Fwp%2Fv2%2Fproduct_tag&post=2722"}],"curies":[{"name":"wp","href":"https:\/\/api.w.org\/{rel}","templated":true}]}}