{"id":2738,"date":"2025-09-24T04:21:37","date_gmt":"2025-09-24T02:21:37","guid":{"rendered":"https:\/\/todoestanueve.com\/?post_type=product&#038;p=2738"},"modified":"2025-09-24T04:21:38","modified_gmt":"2025-09-24T02:21:38","slug":"apple-iphone-15-pro-512-gb-titanio-natural","status":"publish","type":"product","link":"https:\/\/todoestanueve.com\/?product=apple-iphone-15-pro-512-gb-titanio-natural","title":{"rendered":"Apple iPhone 15 Pro &#8211; 512 GB &#8211; titanio natural"},"content":{"rendered":"<p>Apple iPhone 15 Pro &#8211; 512 GB &#8211; titanio natural<br \/>\nClase de eficiencia energ\u00e9tica<br \/>\nB<br \/>\nCargador incluido<br \/>\nS\u00ed<br \/>\nAutonom\u00eda de carga del dispositivo<br \/>\n4.5-26<br \/>\nAutonom\u00eda EEK<br \/>\nA &#8211; G<br \/>\nEstado de bloqueo<br \/>\nLibre de f\u00e1brica<br \/>\nRanura para tarjeta SIM<br \/>\nDual SIM (SIM + eSIM)<br \/>\nRAM<br \/>\n8 GB<br \/>\nCategor\u00eda<br \/>\nRuta<br \/>\nElectr\u00f3nica<br \/>\nMarca<br \/>\nApple<br \/>\nModelo<br \/>\nApple iPhone 15 Pro<br \/>\nCaracter\u00edsticas principales del producto<br \/>\nColor<br \/>\nPlateado<br \/>\nConectividad<br \/>\n5G, Bluetooth, Wi-Fi, NFC, USB tipo C<br \/>\nCaracter\u00edsticas especiales<br \/>\nCarga r\u00e1pida inal\u00e1mbrica, resistente al agua, reconocimiento facial, triple c\u00e1mara, teleobjetivo, resistente al polvo, eSIM C\u00e1mara ultra gran angular, esc\u00e1ner LiDAR<br \/>\nOperador m\u00f3vil<br \/>\nLiberado<br \/>\nProcesador<br \/>\nHexa-core<br \/>\nSistema operativo<br \/>\niOS<br \/>\nResoluci\u00f3n de la c\u00e1mara<br \/>\n48.0 megap\u00edxeles, 12.0 megap\u00edxeles<br \/>\nTama\u00f1o de pantalla<br \/>\n6.1 pulgadas<br \/>\nEstilo<br \/>\nChocolate<br \/>\nCapacidad de almacenamiento<br \/>\n512 GB<\/p>\n","protected":false},"excerpt":{"rendered":"<p>Apple iPhone 15 Pro &#8211; 512 GB &#8211; titanio natural Clase de eficiencia energ\u00e9tica B Cargador incluido S\u00ed Autonom\u00eda de carga del dispositivo 4.5-26 Autonom\u00eda EEK A &#8211; G Estado de bloqueo Libre de f\u00e1brica Ranura para tarjeta SIM Dual SIM (SIM + eSIM) RAM 8 GB Categor\u00eda Ruta Electr\u00f3nica Marca Apple Modelo Apple iPhone [&hellip;]<\/p>\n","protected":false},"featured_media":2741,"comment_status":"open","ping_status":"closed","template":"","meta":{"content-type":""},"product_cat":[89],"product_tag":[],"class_list":{"0":"post-2738","1":"product","2":"type-product","3":"status-publish","4":"has-post-thumbnail","6":"product_cat-telefonia","8":"first","9":"instock","10":"taxable","11":"shipping-taxable","12":"purchasable","13":"product-type-simple","14":"add-to-wishlist-after_add_to_cart"},"_links":{"self":[{"href":"https:\/\/todoestanueve.com\/index.php?rest_route=\/wp\/v2\/product\/2738","targetHints":{"allow":["GET"]}}],"collection":[{"href":"https:\/\/todoestanueve.com\/index.php?rest_route=\/wp\/v2\/product"}],"about":[{"href":"https:\/\/todoestanueve.com\/index.php?rest_route=\/wp\/v2\/types\/product"}],"replies":[{"embeddable":true,"href":"https:\/\/todoestanueve.com\/index.php?rest_route=%2Fwp%2Fv2%2Fcomments&post=2738"}],"wp:featuredmedia":[{"embeddable":true,"href":"https:\/\/todoestanueve.com\/index.php?rest_route=\/wp\/v2\/media\/2741"}],"wp:attachment":[{"href":"https:\/\/todoestanueve.com\/index.php?rest_route=%2Fwp%2Fv2%2Fmedia&parent=2738"}],"wp:term":[{"taxonomy":"product_cat","embeddable":true,"href":"https:\/\/todoestanueve.com\/index.php?rest_route=%2Fwp%2Fv2%2Fproduct_cat&post=2738"},{"taxonomy":"product_tag","embeddable":true,"href":"https:\/\/todoestanueve.com\/index.php?rest_route=%2Fwp%2Fv2%2Fproduct_tag&post=2738"}],"curies":[{"name":"wp","href":"https:\/\/api.w.org\/{rel}","templated":true}]}}