{"id":2748,"date":"2025-09-24T04:30:10","date_gmt":"2025-09-24T02:30:10","guid":{"rendered":"https:\/\/todoestanueve.com\/?post_type=product&#038;p=2748"},"modified":"2025-09-24T04:30:11","modified_gmt":"2025-09-24T02:30:11","slug":"apple-iphone-15-pro-128-256-512-negro-azul-titanio","status":"publish","type":"product","link":"https:\/\/todoestanueve.com\/?product=apple-iphone-15-pro-128-256-512-negro-azul-titanio","title":{"rendered":"APPLE iPhone 15 Pro 128 256 512 Negro Azul Titanio"},"content":{"rendered":"<p>APPLE iPhone 15 Pro 128 256 512 Negro Azul Titanio<\/p>\n<p>Procesador<br \/>\nHexa Core<br \/>\nN\u00famero de pieza del fabricante<br \/>\nMTV03ZD\/A<br \/>\nConectividad<br \/>\nUSB Tipo C, 5G, Bluetooth, Wi-Fi, NFC<br \/>\nModelo<br \/>\nApple iPhone 15 Pro<br \/>\nCaracter\u00edsticas<br \/>\nC\u00e1maras traseras triples, Carga inal\u00e1mbrica r\u00e1pida, Teleobjetivo, Esc\u00e1ner LiDAR, Reconocimiento facial, C\u00e1mara ultra gran angular, Resistente al agua, Resistente al polvo, eSIM<br \/>\nCapacidad de almacenamiento<br \/>\n128 GB<br \/>\nModelo del chipset<br \/>\nApple A17 Pro<br \/>\nSistema operativo<br \/>\niOS<br \/>\nColor<br \/>\nNegro<br \/>\nResoluci\u00f3n de la c\u00e1mara<br \/>\n48.0 MP<br \/>\nTipo<br \/>\nM\u00f3vil<\/p>\n","protected":false},"excerpt":{"rendered":"<p>APPLE iPhone 15 Pro 128 256 512 Negro Azul Titanio Procesador Hexa Core N\u00famero de pieza del fabricante MTV03ZD\/A Conectividad USB Tipo C, 5G, Bluetooth, Wi-Fi, NFC Modelo Apple iPhone 15 Pro Caracter\u00edsticas C\u00e1maras traseras triples, Carga inal\u00e1mbrica r\u00e1pida, Teleobjetivo, Esc\u00e1ner LiDAR, Reconocimiento facial, C\u00e1mara ultra gran angular, Resistente al agua, Resistente al polvo, eSIM [&hellip;]<\/p>\n","protected":false},"featured_media":2752,"comment_status":"open","ping_status":"closed","template":"","meta":{"content-type":""},"product_cat":[89],"product_tag":[],"class_list":{"0":"post-2748","1":"product","2":"type-product","3":"status-publish","4":"has-post-thumbnail","6":"product_cat-telefonia","8":"first","9":"instock","10":"taxable","11":"shipping-taxable","12":"purchasable","13":"product-type-simple","14":"add-to-wishlist-after_add_to_cart"},"_links":{"self":[{"href":"https:\/\/todoestanueve.com\/index.php?rest_route=\/wp\/v2\/product\/2748","targetHints":{"allow":["GET"]}}],"collection":[{"href":"https:\/\/todoestanueve.com\/index.php?rest_route=\/wp\/v2\/product"}],"about":[{"href":"https:\/\/todoestanueve.com\/index.php?rest_route=\/wp\/v2\/types\/product"}],"replies":[{"embeddable":true,"href":"https:\/\/todoestanueve.com\/index.php?rest_route=%2Fwp%2Fv2%2Fcomments&post=2748"}],"wp:featuredmedia":[{"embeddable":true,"href":"https:\/\/todoestanueve.com\/index.php?rest_route=\/wp\/v2\/media\/2752"}],"wp:attachment":[{"href":"https:\/\/todoestanueve.com\/index.php?rest_route=%2Fwp%2Fv2%2Fmedia&parent=2748"}],"wp:term":[{"taxonomy":"product_cat","embeddable":true,"href":"https:\/\/todoestanueve.com\/index.php?rest_route=%2Fwp%2Fv2%2Fproduct_cat&post=2748"},{"taxonomy":"product_tag","embeddable":true,"href":"https:\/\/todoestanueve.com\/index.php?rest_route=%2Fwp%2Fv2%2Fproduct_tag&post=2748"}],"curies":[{"name":"wp","href":"https:\/\/api.w.org\/{rel}","templated":true}]}}