{"id":3021,"date":"2025-09-26T02:44:32","date_gmt":"2025-09-26T00:44:32","guid":{"rendered":"https:\/\/todoestanueve.com\/?post_type=product&#038;p=3021"},"modified":"2025-09-26T02:44:33","modified_gmt":"2025-09-26T00:44:33","slug":"portatil-tactil-hp-envy-x360-156-2-en-1","status":"publish","type":"product","link":"https:\/\/todoestanueve.com\/?product=portatil-tactil-hp-envy-x360-156-2-en-1","title":{"rendered":"Port\u00e1til t\u00e1ctil HP Envy x360 15,6&#8243; 2 en 1"},"content":{"rendered":"<p>Port\u00e1til t\u00e1ctil HP Envy x360 15,6&#8243; 2 en 1<\/p>\n<p>Procesador<br \/>\nINTEL CORE TM ULTRA 7 155U<br \/>\nTipo de procesamiento gr\u00e1fico<br \/>\nGr\u00e1ficos integrados\/en placa<br \/>\nMemoria<br \/>\n32 GB<br \/>\nTeclado retroiluminado<br \/>\nS\u00ed<br \/>\nCapacidad SSD<br \/>\n2 TB<br \/>\nIdeal para<br \/>\nDise\u00f1o gr\u00e1fico, negocios, oficina, escuela, trabajo creativo<br \/>\nLongitud del dispositivo<br \/>\n14.1 pulgadas<br \/>\nGPU<br \/>\nGr\u00e1ficos Intel Arc integrados<br \/>\nA\u00f1o de lanzamiento<br \/>\n2024<br \/>\nAltura del dispositivo<br \/>\n0.72 pulgadas<br \/>\nCapacidad del disco duro<br \/>\n2 TB<br \/>\nSistema operativo<br \/>\nWindows 11 Home<br \/>\nCaracter\u00edsticas<br \/>\nTeclado retroiluminado, Wi-Fi, Bluetooth, Pantalla t\u00e1ctil, Convertible 2 en 1<br \/>\nAncho del dispositivo<br \/>\n8.91 pulgadas<br \/>\nTama\u00f1o de la pantalla<br \/>\n15.6 pulgadas<br \/>\nColor del fabricante<br \/>\nPlata Meteoro<br \/>\nColor<br \/>\nPlata<br \/>\nTama\u00f1o de RAM<br \/>\n32 GB<br \/>\nVelocidad del procesador<br \/>\n1.70 GHz (base), 4.80 GHz<br \/>\nMarca<br \/>\nHP<br \/>\nSerie<br \/>\nENVY<br \/>\nTipo<br \/>\nNotebook\/Laptop<br \/>\nResoluci\u00f3n m\u00e1xima<br \/>\n1920 x 1200<br \/>\nModelo<br \/>\nHP ENVY x360<br \/>\nConectividad<br \/>\nHDMI, USB-C, Wi-Fi, Bluetooth<br \/>\nTipo de almacenamiento<br \/>\nSSD (unidad de estado s\u00f3lido)<br \/>\nPeso del producto<br \/>\n4.12 lb<br \/>\nL\u00ednea de productos<br \/>\nENVY<\/p>\n","protected":false},"excerpt":{"rendered":"<p>Port\u00e1til t\u00e1ctil HP Envy x360 15,6&#8243; 2 en 1 Procesador INTEL CORE TM ULTRA 7 155U Tipo de procesamiento gr\u00e1fico Gr\u00e1ficos integrados\/en placa Memoria 32 GB Teclado retroiluminado S\u00ed Capacidad SSD 2 TB Ideal para Dise\u00f1o gr\u00e1fico, negocios, oficina, escuela, trabajo creativo Longitud del dispositivo 14.1 pulgadas GPU Gr\u00e1ficos Intel Arc integrados A\u00f1o de lanzamiento [&hellip;]<\/p>\n","protected":false},"featured_media":3024,"comment_status":"open","ping_status":"closed","template":"","meta":{"content-type":""},"product_cat":[91],"product_tag":[],"class_list":{"0":"post-3021","1":"product","2":"type-product","3":"status-publish","4":"has-post-thumbnail","6":"product_cat-computadora-y-tabletas","8":"first","9":"instock","10":"taxable","11":"shipping-taxable","12":"purchasable","13":"product-type-simple","14":"add-to-wishlist-after_add_to_cart"},"_links":{"self":[{"href":"https:\/\/todoestanueve.com\/index.php?rest_route=\/wp\/v2\/product\/3021","targetHints":{"allow":["GET"]}}],"collection":[{"href":"https:\/\/todoestanueve.com\/index.php?rest_route=\/wp\/v2\/product"}],"about":[{"href":"https:\/\/todoestanueve.com\/index.php?rest_route=\/wp\/v2\/types\/product"}],"replies":[{"embeddable":true,"href":"https:\/\/todoestanueve.com\/index.php?rest_route=%2Fwp%2Fv2%2Fcomments&post=3021"}],"wp:featuredmedia":[{"embeddable":true,"href":"https:\/\/todoestanueve.com\/index.php?rest_route=\/wp\/v2\/media\/3024"}],"wp:attachment":[{"href":"https:\/\/todoestanueve.com\/index.php?rest_route=%2Fwp%2Fv2%2Fmedia&parent=3021"}],"wp:term":[{"taxonomy":"product_cat","embeddable":true,"href":"https:\/\/todoestanueve.com\/index.php?rest_route=%2Fwp%2Fv2%2Fproduct_cat&post=3021"},{"taxonomy":"product_tag","embeddable":true,"href":"https:\/\/todoestanueve.com\/index.php?rest_route=%2Fwp%2Fv2%2Fproduct_tag&post=3021"}],"curies":[{"name":"wp","href":"https:\/\/api.w.org\/{rel}","templated":true}]}}