{"id":3027,"date":"2025-09-26T02:50:47","date_gmt":"2025-09-26T00:50:47","guid":{"rendered":"https:\/\/todoestanueve.com\/?post_type=product&#038;p=3027"},"modified":"2025-09-26T02:50:48","modified_gmt":"2025-09-26T00:50:48","slug":"hp-elitebook-x-g1i-14-fhd-tactil-intel-ultra-7-258v-32gb-ram-1tb-ssd-w11p-1","status":"publish","type":"product","link":"https:\/\/todoestanueve.com\/?product=hp-elitebook-x-g1i-14-fhd-tactil-intel-ultra-7-258v-32gb-ram-1tb-ssd-w11p-1","title":{"rendered":"HP EliteBook X G1i 14 FHD+ T\u00e1ctil Intel Ultra 7 258V 32GB RAM 1TB SSD W11P 1"},"content":{"rendered":"<p>HP EliteBook X G1i 14 FHD+ T\u00e1ctil Intel Ultra 7 258V 32GB RAM 1TB SSD W11P 1<\/p>\n<p>Procesador<br \/>\nIntel Core Ultra 7 258V<br \/>\nTama\u00f1o de pantalla<br \/>\n14 pulgadas<br \/>\nTipo de procesamiento gr\u00e1fico<br \/>\nGr\u00e1ficos integrados<br \/>\nColor<br \/>\nAzul<br \/>\nTama\u00f1o de RAM<br \/>\n32 GB<br \/>\nCapacidad SSD<br \/>\n1 TB<br \/>\nGPU<br \/>\nIntel Arc 140V<br \/>\nVelocidad del procesador<br \/>\n2,20 GHz<br \/>\nMarca<br \/>\nHP<br \/>\nSerie<br \/>\nHP EliteBook X G1i<br \/>\nTipo<br \/>\nNotebook\/Laptop<br \/>\nA\u00f1o de lanzamiento<br \/>\n2025<br \/>\nResoluci\u00f3n m\u00e1xima<br \/>\n1920 x 1200<br \/>\nModelo<br \/>\nHP EliteBook X G1i 14<br \/>\nConectividad<br \/>\nUSB-C<br \/>\nCapacidad del disco duro<br \/>\n1 TB<br \/>\nSistema operativo<br \/>\nWindows 11 Pro<br \/>\nCaracter\u00edsticas<br \/>\nTeclado retroiluminado, Bluetooth, Micr\u00f3fono integrado, C\u00e1mara web integrada, Trackpad multit\u00e1ctil, Pantalla t\u00e1ctil, Wi-Fi<\/p>\n","protected":false},"excerpt":{"rendered":"<p>HP EliteBook X G1i 14 FHD+ T\u00e1ctil Intel Ultra 7 258V 32GB RAM 1TB SSD W11P 1 Procesador Intel Core Ultra 7 258V Tama\u00f1o de pantalla 14 pulgadas Tipo de procesamiento gr\u00e1fico Gr\u00e1ficos integrados Color Azul Tama\u00f1o de RAM 32 GB Capacidad SSD 1 TB GPU Intel Arc 140V Velocidad del procesador 2,20 GHz Marca [&hellip;]<\/p>\n","protected":false},"featured_media":3031,"comment_status":"open","ping_status":"closed","template":"","meta":{"content-type":""},"product_cat":[91],"product_tag":[],"class_list":{"0":"post-3027","1":"product","2":"type-product","3":"status-publish","4":"has-post-thumbnail","6":"product_cat-computadora-y-tabletas","8":"first","9":"instock","10":"taxable","11":"shipping-taxable","12":"purchasable","13":"product-type-simple","14":"add-to-wishlist-after_add_to_cart"},"_links":{"self":[{"href":"https:\/\/todoestanueve.com\/index.php?rest_route=\/wp\/v2\/product\/3027","targetHints":{"allow":["GET"]}}],"collection":[{"href":"https:\/\/todoestanueve.com\/index.php?rest_route=\/wp\/v2\/product"}],"about":[{"href":"https:\/\/todoestanueve.com\/index.php?rest_route=\/wp\/v2\/types\/product"}],"replies":[{"embeddable":true,"href":"https:\/\/todoestanueve.com\/index.php?rest_route=%2Fwp%2Fv2%2Fcomments&post=3027"}],"wp:featuredmedia":[{"embeddable":true,"href":"https:\/\/todoestanueve.com\/index.php?rest_route=\/wp\/v2\/media\/3031"}],"wp:attachment":[{"href":"https:\/\/todoestanueve.com\/index.php?rest_route=%2Fwp%2Fv2%2Fmedia&parent=3027"}],"wp:term":[{"taxonomy":"product_cat","embeddable":true,"href":"https:\/\/todoestanueve.com\/index.php?rest_route=%2Fwp%2Fv2%2Fproduct_cat&post=3027"},{"taxonomy":"product_tag","embeddable":true,"href":"https:\/\/todoestanueve.com\/index.php?rest_route=%2Fwp%2Fv2%2Fproduct_tag&post=3027"}],"curies":[{"name":"wp","href":"https:\/\/api.w.org\/{rel}","templated":true}]}}